{"id":8840,"date":"2023-05-08T09:59:12","date_gmt":"2023-05-08T07:59:12","guid":{"rendered":"https:\/\/werner-klein-finanzberatung.de\/?page_id=8840"},"modified":"2025-11-03T21:02:46","modified_gmt":"2025-11-03T20:02:46","slug":"leistungen","status":"publish","type":"page","link":"https:\/\/werner-klein-finanzberatung.de\/?page_id=8840","title":{"rendered":"Leistungen"},"content":{"rendered":"\t\t<div data-elementor-type=\"wp-page\" data-elementor-id=\"8840\" class=\"elementor elementor-8840\" data-elementor-post-type=\"page\">\n\t\t\t\t\t\t<section class=\"elementor-section elementor-top-section elementor-element elementor-element-3f337b57 elementor-section-content-middle elementor-section-full_width elementor-section-height-default elementor-section-height-default\" data-id=\"3f337b57\" data-element_type=\"section\" data-settings=\"{&quot;background_background&quot;:&quot;classic&quot;}\">\n\t\t\t\t\t\t<div class=\"elementor-container elementor-column-gap-no\">\n\t\t\t\t\t<div class=\"elementor-column elementor-col-100 elementor-top-column elementor-element elementor-element-69341cee\" data-id=\"69341cee\" data-element_type=\"column\">\n\t\t\t<div class=\"elementor-widget-wrap elementor-element-populated\">\n\t\t\t\t\t\t<div class=\"elementor-element elementor-element-4db1827a elementor-widget elementor-widget-image\" data-id=\"4db1827a\" data-element_type=\"widget\" data-widget_type=\"image.default\">\n\t\t\t\t<div class=\"elementor-widget-container\">\n\t\t\t\t\t\t\t\t\t\t\t\t\t\t\t<img decoding=\"async\" src=\"https:\/\/werner-klein-finanzberatung.de\/wp-content\/uploads\/2023\/05\/werner-klein-finanzberatung-immobilienvermittlung-leistungen.webp\" title=\"\" alt=\"werner-klein-finanzberatung-immobilienvermittlung-leistungen\" loading=\"lazy\">\t\t\t\t\t\t\t\t\t\t\t\t\t\t\t<\/div>\n\t\t\t\t<\/div>\n\t\t\t\t\t<\/div>\n\t\t<\/div>\n\t\t\t\t\t<\/div>\n\t\t<\/section>\n\t\t\t\t<section class=\"elementor-section elementor-top-section elementor-element elementor-element-7c6df4a2 elementor-section-content-middle elementor-section-boxed elementor-section-height-default elementor-section-height-default\" data-id=\"7c6df4a2\" data-element_type=\"section\">\n\t\t\t\t\t\t<div class=\"elementor-container elementor-column-gap-no\">\n\t\t\t\t\t<div class=\"elementor-column elementor-col-100 elementor-top-column elementor-element elementor-element-61715311\" data-id=\"61715311\" data-element_type=\"column\">\n\t\t\t<div class=\"elementor-widget-wrap elementor-element-populated\">\n\t\t\t\t\t\t<div class=\"elementor-element elementor-element-35b6861 elementor-widget elementor-widget-ere-section-title-widget\" data-id=\"35b6861\" data-element_type=\"widget\" data-widget_type=\"ere-section-title-widget.default\">\n\t\t\t\t<div class=\"elementor-widget-container\">\n\t\t\t\t\t            <div class=\"rh_elementor_widget re_section_head_elementor\">\n\t\t\t\t                    <span class=\"rh_section__subtitle\">LEISTUGEN<\/span>\n\t\t\t\t\n\t\t\t\t                    <h2 class=\"rh_section__title\">Was uns auszeichnet<\/h2>\n\t\t\t\t\n\t\t\t\t                    <p class=\"rh_section__desc\">Viele Jahrzehnte Erfahrung im Immobiliensegment mit dem Schwerpunkt Immobilienvermittlung und Finanzierung, sowie \u00fcber 700 verkaufte Objekte machen uns zum starken Partner auf Ihrem Weg zum Eigenheim, der neuen Wohnung oder dem Unternehmenssitz.<\/p>\n\t\t\t\t            <\/div>\n\t\t\t\t\t\t\t<\/div>\n\t\t\t\t<\/div>\n\t\t\t\t\t<\/div>\n\t\t<\/div>\n\t\t\t\t\t<\/div>\n\t\t<\/section>\n\t\t\t\t<section class=\"elementor-section elementor-top-section elementor-element elementor-element-b5ee561 elementor-section-boxed elementor-section-height-default elementor-section-height-default\" data-id=\"b5ee561\" data-element_type=\"section\">\n\t\t\t\t\t\t<div class=\"elementor-container elementor-column-gap-default\">\n\t\t\t\t\t<div class=\"elementor-column elementor-col-50 elementor-top-column elementor-element elementor-element-6f98d3e\" data-id=\"6f98d3e\" data-element_type=\"column\">\n\t\t\t<div class=\"elementor-widget-wrap elementor-element-populated\">\n\t\t\t\t\t\t<div class=\"elementor-element elementor-element-35d0f01 elementor-widget elementor-widget-image\" data-id=\"35d0f01\" data-element_type=\"widget\" data-widget_type=\"image.default\">\n\t\t\t\t<div class=\"elementor-widget-container\">\n\t\t\t\t\t\t\t\t\t\t\t\t\t\t\t<img decoding=\"async\" src=\"https:\/\/werner-klein-finanzberatung.de\/wp-content\/uploads\/2023\/05\/immobilienmakler-werner-klein-immobilienvermittlung-finanzberatung-1.webp\" title=\"\" alt=\"immobilienmakler-werner-klein-immobilienvermittlung-finanzberatung\" loading=\"lazy\">\t\t\t\t\t\t\t\t\t\t\t\t\t\t\t<\/div>\n\t\t\t\t<\/div>\n\t\t\t\t\t<\/div>\n\t\t<\/div>\n\t\t\t\t<div class=\"elementor-column elementor-col-50 elementor-top-column elementor-element elementor-element-2c81034\" data-id=\"2c81034\" data-element_type=\"column\">\n\t\t\t<div class=\"elementor-widget-wrap elementor-element-populated\">\n\t\t\t\t\t\t<div class=\"elementor-element elementor-element-ac9f387 elementor-widget elementor-widget-menu-anchor\" data-id=\"ac9f387\" data-element_type=\"widget\" data-widget_type=\"menu-anchor.default\">\n\t\t\t\t<div class=\"elementor-widget-container\">\n\t\t\t\t\t\t\t<div class=\"elementor-menu-anchor\" id=\"Immobilienvermittlung\"><\/div>\n\t\t\t\t\t\t<\/div>\n\t\t\t\t<\/div>\n\t\t\t\t<div class=\"elementor-element elementor-element-c0ad46e elementor-widget elementor-widget-ere-section-title-widget\" data-id=\"c0ad46e\" data-element_type=\"widget\" data-widget_type=\"ere-section-title-widget.default\">\n\t\t\t\t<div class=\"elementor-widget-container\">\n\t\t\t\t\t            <div class=\"rh_elementor_widget re_section_head_elementor\">\n\t\t\t\t                    <span class=\"rh_section__subtitle\">WOHN- UND GEWERBEIMMOBILIEN<\/span>\n\t\t\t\t\n\t\t\t\t                    <h2 class=\"rh_section__title\">Immobilienvermittlung<\/h2>\n\t\t\t\t\n\t\t\t\t                    <p class=\"rh_section__desc\">F\u00fcr Kauf- und Verkauf von Immobilien im Wohn- und Gewerbebereich sind wir der kompetente Ansprechpartner im Gro\u00dfraum Landstuhl. Durch Jahrzehnte lange Erfahrung und unz\u00e4hlige vermittelte Objekte, unter anderem auch an US-Amerikanische B\u00fcrger (Milit\u00e4r und Zivil) zeichnen uns aus. Eine faire Immobilienbewertung durch unsere fachkundigen Sachverst\u00e4ndigen machen die Immobilienvermittlung zu einer Win-Win-Situation f\u00fcr beide Seiten.<\/p>\n\t\t\t\t            <\/div>\n\t\t\t\t\t\t\t<\/div>\n\t\t\t\t<\/div>\n\t\t\t\t\t<\/div>\n\t\t<\/div>\n\t\t\t\t\t<\/div>\n\t\t<\/section>\n\t\t\t\t<section class=\"elementor-section elementor-top-section elementor-element elementor-element-8f7dded elementor-section-boxed elementor-section-height-default elementor-section-height-default\" data-id=\"8f7dded\" data-element_type=\"section\">\n\t\t\t\t\t\t<div class=\"elementor-container elementor-column-gap-default\">\n\t\t\t\t\t<div class=\"elementor-column elementor-col-100 elementor-top-column elementor-element elementor-element-7289edb\" data-id=\"7289edb\" data-element_type=\"column\">\n\t\t\t<div class=\"elementor-widget-wrap elementor-element-populated\">\n\t\t\t\t\t\t<div class=\"elementor-element elementor-element-46491ab elementor-widget elementor-widget-spacer\" data-id=\"46491ab\" data-element_type=\"widget\" data-widget_type=\"spacer.default\">\n\t\t\t\t<div class=\"elementor-widget-container\">\n\t\t\t\t\t\t\t<div class=\"elementor-spacer\">\n\t\t\t<div class=\"elementor-spacer-inner\"><\/div>\n\t\t<\/div>\n\t\t\t\t\t\t<\/div>\n\t\t\t\t<\/div>\n\t\t\t\t\t<\/div>\n\t\t<\/div>\n\t\t\t\t\t<\/div>\n\t\t<\/section>\n\t\t\t\t<section class=\"elementor-section elementor-top-section elementor-element elementor-element-5b2f836 elementor-section-boxed elementor-section-height-default elementor-section-height-default\" data-id=\"5b2f836\" data-element_type=\"section\">\n\t\t\t\t\t\t<div class=\"elementor-container elementor-column-gap-default\">\n\t\t\t\t\t<div class=\"elementor-column elementor-col-50 elementor-top-column elementor-element elementor-element-73dbcbb\" data-id=\"73dbcbb\" data-element_type=\"column\">\n\t\t\t<div class=\"elementor-widget-wrap elementor-element-populated\">\n\t\t\t\t\t\t<div class=\"elementor-element elementor-element-0216847 elementor-widget elementor-widget-menu-anchor\" data-id=\"0216847\" data-element_type=\"widget\" data-widget_type=\"menu-anchor.default\">\n\t\t\t\t<div class=\"elementor-widget-container\">\n\t\t\t\t\t\t\t<div class=\"elementor-menu-anchor\" id=\"Immobilienfinanzierung\"><\/div>\n\t\t\t\t\t\t<\/div>\n\t\t\t\t<\/div>\n\t\t\t\t<div class=\"elementor-element elementor-element-d515543 elementor-widget elementor-widget-ere-section-title-widget\" data-id=\"d515543\" data-element_type=\"widget\" data-widget_type=\"ere-section-title-widget.default\">\n\t\t\t\t<div class=\"elementor-widget-container\">\n\t\t\t\t\t            <div class=\"rh_elementor_widget re_section_head_elementor\">\n\t\t\t\t                    <span class=\"rh_section__subtitle\">ERSTKLASSIGE KONDITIONEN<\/span>\n\t\t\t\t\n\t\t\t\t                    <h2 class=\"rh_section__title\">Immobilienfinanzierung<\/h2>\n\t\t\t\t\n\t\t\t\t                    <p class=\"rh_section__desc\">Eine Vielzahl erfolgreich finanzierter Objekte im Wohn- und Gewerbeimmobilienbereich, sowie die Erfahrung aus fast 30 Jahren T\u00e4tigkeit bei der Sparkasse durch Werner Klein zeichnen uns aus, wenn es um das Thema Immobilienfinanzierung geht. Unabh\u00e4ngig von der Immobiliengr\u00f6\u00dfe oder dessen Wert finden wir f\u00fcr Sie das passende Finanzierungsmodell. Dabei achten wir darauf, dass das von Ihnen vorgesehene Objekt zu m\u00f6glichst guten Konditionen in Ihre H\u00e4nde gelangt. Auch hier spielen die Kontakte von Herrn Werner Klein wieder eine tragende Rolle und verschaffen Ihnen dadurch einen Vorteil.<\/p>\n\t\t\t\t            <\/div>\n\t\t\t\t\t\t\t<\/div>\n\t\t\t\t<\/div>\n\t\t\t\t\t<\/div>\n\t\t<\/div>\n\t\t\t\t<div class=\"elementor-column elementor-col-50 elementor-top-column elementor-element elementor-element-48993b7\" data-id=\"48993b7\" data-element_type=\"column\">\n\t\t\t<div class=\"elementor-widget-wrap elementor-element-populated\">\n\t\t\t\t\t\t<div class=\"elementor-element elementor-element-e57303e elementor-widget elementor-widget-image\" data-id=\"e57303e\" data-element_type=\"widget\" data-widget_type=\"image.default\">\n\t\t\t\t<div class=\"elementor-widget-container\">\n\t\t\t\t\t\t\t\t\t\t\t\t\t\t\t<img decoding=\"async\" src=\"https:\/\/werner-klein-finanzberatung.de\/wp-content\/uploads\/2023\/05\/immobilienfinanzierung-werner-klein-finanzberatung-immobilienvermittlung-1.webp\" title=\"\" alt=\"immobilienfinanzierung-werner-klein-finanzberatung-immobilienvermittlung\" loading=\"lazy\">\t\t\t\t\t\t\t\t\t\t\t\t\t\t\t<\/div>\n\t\t\t\t<\/div>\n\t\t\t\t\t<\/div>\n\t\t<\/div>\n\t\t\t\t\t<\/div>\n\t\t<\/section>\n\t\t\t\t<section class=\"elementor-section elementor-top-section elementor-element elementor-element-8285fd9 elementor-section-full_width elementor-section-height-default elementor-section-height-default\" data-id=\"8285fd9\" data-element_type=\"section\">\n\t\t\t\t\t\t<div class=\"elementor-container elementor-column-gap-default\">\n\t\t\t\t\t<div class=\"elementor-column elementor-col-100 elementor-top-column elementor-element elementor-element-f0d208d\" data-id=\"f0d208d\" data-element_type=\"column\">\n\t\t\t<div class=\"elementor-widget-wrap elementor-element-populated\">\n\t\t\t\t\t\t<div class=\"elementor-element elementor-element-5614e93 elementor-widget elementor-widget-spacer\" data-id=\"5614e93\" data-element_type=\"widget\" data-widget_type=\"spacer.default\">\n\t\t\t\t<div class=\"elementor-widget-container\">\n\t\t\t\t\t\t\t<div class=\"elementor-spacer\">\n\t\t\t<div class=\"elementor-spacer-inner\"><\/div>\n\t\t<\/div>\n\t\t\t\t\t\t<\/div>\n\t\t\t\t<\/div>\n\t\t\t\t\t<\/div>\n\t\t<\/div>\n\t\t\t\t\t<\/div>\n\t\t<\/section>\n\t\t\t\t<section class=\"elementor-section elementor-top-section elementor-element elementor-element-30077022 elementor-section-boxed elementor-section-height-default elementor-section-height-default\" data-id=\"30077022\" data-element_type=\"section\" data-settings=\"{&quot;background_background&quot;:&quot;classic&quot;}\">\n\t\t\t\t\t\t\t<div class=\"elementor-background-overlay\"><\/div>\n\t\t\t\t\t\t\t<div class=\"elementor-container elementor-column-gap-default\">\n\t\t\t\t\t<div class=\"elementor-column elementor-col-100 elementor-top-column elementor-element elementor-element-162b2be0\" data-id=\"162b2be0\" data-element_type=\"column\">\n\t\t\t<div class=\"elementor-widget-wrap elementor-element-populated\">\n\t\t\t\t\t\t<div class=\"elementor-element elementor-element-17a2a785 elementor-widget__width-initial elementor-widget elementor-widget-heading\" data-id=\"17a2a785\" data-element_type=\"widget\" data-widget_type=\"heading.default\">\n\t\t\t\t<div class=\"elementor-widget-container\">\n\t\t\t\t\t<h1 class=\"elementor-heading-title elementor-size-default\">Wir unterst\u00fctzen Sie auf Ihrem Weg zur Immobilie.<\/h1>\t\t\t\t<\/div>\n\t\t\t\t<\/div>\n\t\t\t\t<div class=\"elementor-element elementor-element-13007922 elementor-widget-divider--view-line elementor-widget elementor-widget-divider\" data-id=\"13007922\" data-element_type=\"widget\" data-widget_type=\"divider.default\">\n\t\t\t\t<div class=\"elementor-widget-container\">\n\t\t\t\t\t\t\t<div class=\"elementor-divider\">\n\t\t\t<span class=\"elementor-divider-separator\">\n\t\t\t\t\t\t<\/span>\n\t\t<\/div>\n\t\t\t\t\t\t<\/div>\n\t\t\t\t<\/div>\n\t\t\t\t<div class=\"elementor-element elementor-element-47394120 elementor-widget elementor-widget-heading\" data-id=\"47394120\" data-element_type=\"widget\" data-widget_type=\"heading.default\">\n\t\t\t\t<div class=\"elementor-widget-container\">\n\t\t\t\t\t<p class=\"elementor-heading-title elementor-size-default\">Vereinbaren Sie noch heute Ihren Beratungstermin. Kostenfrei und unverbindlich.<\/p>\t\t\t\t<\/div>\n\t\t\t\t<\/div>\n\t\t\t\t\t<\/div>\n\t\t<\/div>\n\t\t\t\t\t<\/div>\n\t\t<\/section>\n\t\t\t\t<section class=\"elementor-section elementor-top-section elementor-element elementor-element-c8e009d elementor-section-boxed elementor-section-height-default elementor-section-height-default\" data-id=\"c8e009d\" data-element_type=\"section\">\n\t\t\t\t\t\t<div class=\"elementor-container elementor-column-gap-default\">\n\t\t\t\t\t<div class=\"elementor-column elementor-col-100 elementor-top-column elementor-element elementor-element-36d47e8\" data-id=\"36d47e8\" data-element_type=\"column\">\n\t\t\t<div class=\"elementor-widget-wrap elementor-element-populated\">\n\t\t\t\t\t\t<div class=\"elementor-element elementor-element-4126b6b elementor-widget elementor-widget-spacer\" data-id=\"4126b6b\" data-element_type=\"widget\" data-widget_type=\"spacer.default\">\n\t\t\t\t<div class=\"elementor-widget-container\">\n\t\t\t\t\t\t\t<div class=\"elementor-spacer\">\n\t\t\t<div class=\"elementor-spacer-inner\"><\/div>\n\t\t<\/div>\n\t\t\t\t\t\t<\/div>\n\t\t\t\t<\/div>\n\t\t\t\t\t<\/div>\n\t\t<\/div>\n\t\t\t\t\t<\/div>\n\t\t<\/section>\n\t\t\t\t<section class=\"elementor-section elementor-top-section elementor-element elementor-element-515d091 elementor-section-boxed elementor-section-height-default elementor-section-height-default\" data-id=\"515d091\" data-element_type=\"section\">\n\t\t\t\t\t\t<div class=\"elementor-container elementor-column-gap-default\">\n\t\t\t\t\t<div class=\"elementor-column elementor-col-50 elementor-top-column elementor-element elementor-element-e37bb4b\" data-id=\"e37bb4b\" data-element_type=\"column\">\n\t\t\t<div class=\"elementor-widget-wrap elementor-element-populated\">\n\t\t\t\t\t\t<div class=\"elementor-element elementor-element-a874363 elementor-widget elementor-widget-image\" data-id=\"a874363\" data-element_type=\"widget\" data-widget_type=\"image.default\">\n\t\t\t\t<div class=\"elementor-widget-container\">\n\t\t\t\t\t\t\t\t\t\t\t\t\t\t\t<img decoding=\"async\" src=\"https:\/\/werner-klein-finanzberatung.de\/wp-content\/uploads\/2023\/05\/hausverwaltung-immobilienverwaltung-werner-klein-finanzberatung.webp\" title=\"\" alt=\"hausverwaltung-immobilienverwaltung-werner-klein-finanzberatung\" loading=\"lazy\">\t\t\t\t\t\t\t\t\t\t\t\t\t\t\t<\/div>\n\t\t\t\t<\/div>\n\t\t\t\t\t<\/div>\n\t\t<\/div>\n\t\t\t\t<div class=\"elementor-column elementor-col-50 elementor-top-column elementor-element elementor-element-5552b23\" data-id=\"5552b23\" data-element_type=\"column\">\n\t\t\t<div class=\"elementor-widget-wrap elementor-element-populated\">\n\t\t\t\t\t\t<div class=\"elementor-element elementor-element-42215aa elementor-widget elementor-widget-menu-anchor\" data-id=\"42215aa\" data-element_type=\"widget\" data-widget_type=\"menu-anchor.default\">\n\t\t\t\t<div class=\"elementor-widget-container\">\n\t\t\t\t\t\t\t<div class=\"elementor-menu-anchor\" id=\"Immobilienverwaltung\"><\/div>\n\t\t\t\t\t\t<\/div>\n\t\t\t\t<\/div>\n\t\t\t\t<div class=\"elementor-element elementor-element-c0d6b90 elementor-widget elementor-widget-ere-section-title-widget\" data-id=\"c0d6b90\" data-element_type=\"widget\" data-widget_type=\"ere-section-title-widget.default\">\n\t\t\t\t<div class=\"elementor-widget-container\">\n\t\t\t\t\t            <div class=\"rh_elementor_widget re_section_head_elementor\">\n\t\t\t\t                    <span class=\"rh_section__subtitle\">IN BESTEN H\u00c4NDEN<\/span>\n\t\t\t\t\n\t\t\t\t                    <h2 class=\"rh_section__title\">Immobilienverwaltung<\/h2>\n\t\t\t\t\n\t\t\t\t                    <p class=\"rh_section__desc\">Durch die Betreuung vieler Mietobjekte in der Region f\u00fcr \u00fcberwiegend US-Amerikanische B\u00fcrger, die in der ganzen Welt verstreut leben, bringen wir einen reichen Erfahrungsschatz mit im Segment der Immobilienverwaltung. Dar\u00fcber hinaus arbeiten wir mit kompetenten Handwerksbetrieben zusammen, die auch kurzfristig Reparatur- und Wiederherstellungsarbeiten an Ihren Objekten durchf\u00fchren k\u00f6nnen. Dadurch sind wir der richtige Ansprechpartner f\u00fcr Sie, wenn es darum geht, im Gro\u00dfraum Landstuhl Ihr Mietobjekt zu betreuen.<\/p>\n\t\t\t\t            <\/div>\n\t\t\t\t\t\t\t<\/div>\n\t\t\t\t<\/div>\n\t\t\t\t\t<\/div>\n\t\t<\/div>\n\t\t\t\t\t<\/div>\n\t\t<\/section>\n\t\t\t\t<section class=\"elementor-section elementor-top-section elementor-element elementor-element-e7d55c9 elementor-section-boxed elementor-section-height-default elementor-section-height-default\" data-id=\"e7d55c9\" data-element_type=\"section\">\n\t\t\t\t\t\t<div class=\"elementor-container elementor-column-gap-default\">\n\t\t\t\t\t<div class=\"elementor-column elementor-col-100 elementor-top-column elementor-element elementor-element-4de8078\" data-id=\"4de8078\" data-element_type=\"column\">\n\t\t\t<div class=\"elementor-widget-wrap elementor-element-populated\">\n\t\t\t\t\t\t<div class=\"elementor-element elementor-element-c148a60 elementor-widget elementor-widget-spacer\" data-id=\"c148a60\" data-element_type=\"widget\" data-widget_type=\"spacer.default\">\n\t\t\t\t<div class=\"elementor-widget-container\">\n\t\t\t\t\t\t\t<div class=\"elementor-spacer\">\n\t\t\t<div class=\"elementor-spacer-inner\"><\/div>\n\t\t<\/div>\n\t\t\t\t\t\t<\/div>\n\t\t\t\t<\/div>\n\t\t\t\t\t<\/div>\n\t\t<\/div>\n\t\t\t\t\t<\/div>\n\t\t<\/section>\n\t\t\t\t<section class=\"elementor-section elementor-top-section elementor-element elementor-element-a642989 elementor-section-boxed elementor-section-height-default elementor-section-height-default\" data-id=\"a642989\" data-element_type=\"section\">\n\t\t\t\t\t\t<div class=\"elementor-container elementor-column-gap-default\">\n\t\t\t\t\t<div class=\"elementor-column elementor-col-50 elementor-top-column elementor-element elementor-element-e629a2c\" data-id=\"e629a2c\" data-element_type=\"column\">\n\t\t\t<div class=\"elementor-widget-wrap elementor-element-populated\">\n\t\t\t\t\t\t<div class=\"elementor-element elementor-element-3681c26 elementor-widget elementor-widget-menu-anchor\" data-id=\"3681c26\" data-element_type=\"widget\" data-widget_type=\"menu-anchor.default\">\n\t\t\t\t<div class=\"elementor-widget-container\">\n\t\t\t\t\t\t\t<div class=\"elementor-menu-anchor\" id=\"Immobilienbewertung\"><\/div>\n\t\t\t\t\t\t<\/div>\n\t\t\t\t<\/div>\n\t\t\t\t<div class=\"elementor-element elementor-element-6a95f19 elementor-widget elementor-widget-ere-section-title-widget\" data-id=\"6a95f19\" data-element_type=\"widget\" data-widget_type=\"ere-section-title-widget.default\">\n\t\t\t\t<div class=\"elementor-widget-container\">\n\t\t\t\t\t            <div class=\"rh_elementor_widget re_section_head_elementor\">\n\t\t\t\t                    <span class=\"rh_section__subtitle\">FACHM\u00c4NNISCH BEURTEILT<\/span>\n\t\t\t\t\n\t\t\t\t                    <h2 class=\"rh_section__title\">Immobilienbewertung<\/h2>\n\t\t\t\t\n\t\t\t\t                    <p class=\"rh_section__desc\">Nutzen Sie unseren Service der kostenfreien* Immobilienbewertung. Ob es sich um ein Ein- oder Mehrfamilienhaus, eine Wohnung, ein Grundst\u00fcck oder eine Gewerbeimmobilie handelt, wir nehmen Ihr Objekt genau unter die Lupe und f\u00fchren eine individuelle Marktanalyse durch. Im Anschluss erhalten Sie von uns eine fundierte Einsch\u00e4tzung zum Wert Ihrer Immobilie.<\/p>\n\t\t\t\t            <\/div>\n\t\t\t\t\t\t\t<\/div>\n\t\t\t\t<\/div>\n\t\t\t\t<div class=\"elementor-element elementor-element-0c74a55 elementor-widget elementor-widget-text-editor\" data-id=\"0c74a55\" data-element_type=\"widget\" data-widget_type=\"text-editor.default\">\n\t\t\t\t<div class=\"elementor-widget-container\">\n\t\t\t\t\t\t\t\t\t<p><span style=\"font-size: 0.8em;\">*Kosten fallen lediglich an, sollte es nach der Immobilienbewertung nicht zu einem Auftrag kommen, ansonsten wird eine objektbezogene Pauschale berechnet.<\/span><\/p>\t\t\t\t\t\t\t\t<\/div>\n\t\t\t\t<\/div>\n\t\t\t\t<div class=\"elementor-element elementor-element-63a46aa elementor-mobile-align-center elementor-button-info elementor-widget elementor-widget-button\" data-id=\"63a46aa\" data-element_type=\"widget\" data-widget_type=\"button.default\">\n\t\t\t\t<div class=\"elementor-widget-container\">\n\t\t\t\t\t\t\t\t\t<div class=\"elementor-button-wrapper\">\n\t\t\t\t\t<a class=\"elementor-button elementor-button-link elementor-size-sm\" href=\"\/kontakt\/\">\n\t\t\t\t\t\t<span class=\"elementor-button-content-wrapper\">\n\t\t\t\t\t\t\t\t\t<span class=\"elementor-button-text\">Immobilienbewertung anfordern<\/span>\n\t\t\t\t\t<\/span>\n\t\t\t\t\t<\/a>\n\t\t\t\t<\/div>\n\t\t\t\t\t\t\t\t<\/div>\n\t\t\t\t<\/div>\n\t\t\t\t\t<\/div>\n\t\t<\/div>\n\t\t\t\t<div class=\"elementor-column elementor-col-50 elementor-top-column elementor-element elementor-element-6a9bda1\" data-id=\"6a9bda1\" data-element_type=\"column\">\n\t\t\t<div class=\"elementor-widget-wrap elementor-element-populated\">\n\t\t\t\t\t\t<div class=\"elementor-element elementor-element-935315e elementor-widget elementor-widget-image\" data-id=\"935315e\" data-element_type=\"widget\" data-widget_type=\"image.default\">\n\t\t\t\t<div class=\"elementor-widget-container\">\n\t\t\t\t\t\t\t\t\t\t\t\t\t\t\t<img decoding=\"async\" src=\"https:\/\/werner-klein-finanzberatung.de\/wp-content\/uploads\/2023\/05\/immobilienbewertung-finanzberatung-werner-klein-landstuhl.webp\" title=\"\" alt=\"immobilienbewertung-finanzberatung-werner-klein-landstuhl\" loading=\"lazy\">\t\t\t\t\t\t\t\t\t\t\t\t\t\t\t<\/div>\n\t\t\t\t<\/div>\n\t\t\t\t\t<\/div>\n\t\t<\/div>\n\t\t\t\t\t<\/div>\n\t\t<\/section>\n\t\t\t\t<section class=\"elementor-section elementor-top-section elementor-element elementor-element-7f3431e elementor-section-boxed elementor-section-height-default elementor-section-height-default\" data-id=\"7f3431e\" data-element_type=\"section\">\n\t\t\t\t\t\t<div class=\"elementor-container elementor-column-gap-default\">\n\t\t\t\t\t<div class=\"elementor-column elementor-col-100 elementor-top-column elementor-element elementor-element-ac0f16d\" data-id=\"ac0f16d\" data-element_type=\"column\">\n\t\t\t<div class=\"elementor-widget-wrap elementor-element-populated\">\n\t\t\t\t\t\t<div class=\"elementor-element elementor-element-2834c31 elementor-widget elementor-widget-spacer\" data-id=\"2834c31\" data-element_type=\"widget\" data-widget_type=\"spacer.default\">\n\t\t\t\t<div class=\"elementor-widget-container\">\n\t\t\t\t\t\t\t<div class=\"elementor-spacer\">\n\t\t\t<div class=\"elementor-spacer-inner\"><\/div>\n\t\t<\/div>\n\t\t\t\t\t\t<\/div>\n\t\t\t\t<\/div>\n\t\t\t\t\t<\/div>\n\t\t<\/div>\n\t\t\t\t\t<\/div>\n\t\t<\/section>\n\t\t\t\t<\/div>\n\t\t","protected":false},"excerpt":{"rendered":"<p>LEISTUGEN Was uns auszeichnet Viele Jahrzehnte Erfahrung im Immobiliensegment mit dem Schwerpunkt Immobilienvermittlung und Finanzierung, sowie \u00fcber 700 verkaufte Objekte machen uns zum starken Partner auf Ihrem Weg zum Eigenheim, der neuen Wohnung oder dem Unternehmenssitz. WOHN- UND GEWERBEIMMOBILIEN Immobilienvermittlung F\u00fcr Kauf- und Verkauf von Immobilien im Wohn- und Gewerbebereich sind wir der kompetente Ansprechpartner&#8230;<\/p>\n","protected":false},"author":1,"featured_media":0,"parent":0,"menu_order":0,"comment_status":"closed","ping_status":"closed","template":"elementor_header_footer","meta":{"footnotes":""},"class_list":["post-8840","page","type-page","status-publish","hentry"],"_links":{"self":[{"href":"https:\/\/werner-klein-finanzberatung.de\/index.php?rest_route=\/wp\/v2\/pages\/8840","targetHints":{"allow":["GET"]}}],"collection":[{"href":"https:\/\/werner-klein-finanzberatung.de\/index.php?rest_route=\/wp\/v2\/pages"}],"about":[{"href":"https:\/\/werner-klein-finanzberatung.de\/index.php?rest_route=\/wp\/v2\/types\/page"}],"author":[{"embeddable":true,"href":"https:\/\/werner-klein-finanzberatung.de\/index.php?rest_route=\/wp\/v2\/users\/1"}],"replies":[{"embeddable":true,"href":"https:\/\/werner-klein-finanzberatung.de\/index.php?rest_route=%2Fwp%2Fv2%2Fcomments&post=8840"}],"version-history":[{"count":0,"href":"https:\/\/werner-klein-finanzberatung.de\/index.php?rest_route=\/wp\/v2\/pages\/8840\/revisions"}],"wp:attachment":[{"href":"https:\/\/werner-klein-finanzberatung.de\/index.php?rest_route=%2Fwp%2Fv2%2Fmedia&parent=8840"}],"curies":[{"name":"wp","href":"https:\/\/api.w.org\/{rel}","templated":true}]}}